{"id":102,"date":"2014-09-27T08:54:32","date_gmt":"2014-09-27T08:54:32","guid":{"rendered":"http:\/\/www.la-petite-guerisseuse.fr\/?page_id=102"},"modified":"2021-09-28T08:46:01","modified_gmt":"2021-09-28T08:46:01","slug":"ma-charte","status":"publish","type":"page","link":"https:\/\/www.la-petite-guerisseuse.fr\/?page_id=102","title":{"rendered":"Ma charte"},"content":{"rendered":"<p><em><strong>Je ne formule pas de diagnostic. Le magn\u00e9tiseur ne remplace pas la m\u00e9decine .<\/strong><\/em><\/p>\n<div class=\"diyw\">\n<div id=\"container\">\n<div id=\"page\">\n<div id=\"content\">\n<div id=\"content_area\">\n<div id=\"matrix_1024064351\" class=\"sortable-matrix\" data-matrixid=\"1024064351\">\n<div class=\"n\">\n<p align=\"left\"><em><strong>Ma profession a pour vocation de compl\u00e9ter les th\u00e9rapeutiques appliqu\u00e9es par<\/strong><\/em><br \/>\n<em><strong>la m\u00e9decine officielle et non de me substituer \u00e0 elle.<\/strong><\/em><\/p>\n<p align=\"left\"><em><strong>Il ne faut jamais suspendre un traitement m\u00e9dical en cours sans l&rsquo;accord du m\u00e9decin traitant\u00a0.<\/strong><\/em><\/p>\n<p align=\"left\"><em><strong>Ne jamais interrompre le suivi m\u00e9dical, les examens n\u00e9cessaires \u00e0 pr\u00e9ciser la cause de votre\u00a0maladie.<\/strong><\/em><\/p>\n<p><em><strong>Dans votre int\u00e9r\u00eat, je peux \u00eatre amen\u00e9 \u00e0 vous adresser\u00a0\u00e0 un m\u00e9decin mieux \u00e0 m\u00eame de traiter votre\u00a0cas .<\/strong><\/em><\/p>\n<p><em><strong>Je ne\u00a0re\u00e7ois pas les mineurs hors de la pr\u00e9sence de leurs parents .<\/strong><\/em><\/p>\n<p><em><strong>Je suis une personne\u00a0honn\u00eate et \u00a0je sais rester humble .<\/strong><\/em><\/p>\n<p><em><strong>Tout comportement, agissement, harc\u00e8lement ou propos portant atteinte \u00e0<\/strong><\/em><br \/>\n<em><strong>ma profession m\u2019obligerait \u00e0 interrompre la consultation.<\/strong><\/em><\/p>\n<p align=\"left\">\n<\/div>\n<\/div>\n<\/div>\n<\/div>\n<\/div>\n<\/div>\n<\/div>\n\n<div style=\"font-size: 0px; height: 0px; line-height: 0px; margin: 0; padding: 0; clear: both;\"><\/div>","protected":false},"excerpt":{"rendered":"<p>Je ne formule pas de diagnostic. Le magn\u00e9tiseur ne remplace pas la m\u00e9decine . Ma profession a pour vocation de compl\u00e9ter les th\u00e9rapeutiques appliqu\u00e9es par la m\u00e9decine officielle et non de me substituer \u00e0 elle. Il ne faut jamais suspendre un traitement m\u00e9dical en cours sans l&rsquo;accord du m\u00e9decin traitant\u00a0. Ne jamais interrompre le suivi [&hellip;]<\/p>\n","protected":false},"author":1,"featured_media":0,"parent":0,"menu_order":7,"comment_status":"closed","ping_status":"open","template":"","meta":{"footnotes":""},"class_list":["post-102","page","type-page","status-publish","hentry"],"_links":{"self":[{"href":"https:\/\/www.la-petite-guerisseuse.fr\/index.php?rest_route=\/wp\/v2\/pages\/102","targetHints":{"allow":["GET"]}}],"collection":[{"href":"https:\/\/www.la-petite-guerisseuse.fr\/index.php?rest_route=\/wp\/v2\/pages"}],"about":[{"href":"https:\/\/www.la-petite-guerisseuse.fr\/index.php?rest_route=\/wp\/v2\/types\/page"}],"author":[{"embeddable":true,"href":"https:\/\/www.la-petite-guerisseuse.fr\/index.php?rest_route=\/wp\/v2\/users\/1"}],"replies":[{"embeddable":true,"href":"https:\/\/www.la-petite-guerisseuse.fr\/index.php?rest_route=%2Fwp%2Fv2%2Fcomments&post=102"}],"version-history":[{"count":7,"href":"https:\/\/www.la-petite-guerisseuse.fr\/index.php?rest_route=\/wp\/v2\/pages\/102\/revisions"}],"predecessor-version":[{"id":828,"href":"https:\/\/www.la-petite-guerisseuse.fr\/index.php?rest_route=\/wp\/v2\/pages\/102\/revisions\/828"}],"wp:attachment":[{"href":"https:\/\/www.la-petite-guerisseuse.fr\/index.php?rest_route=%2Fwp%2Fv2%2Fmedia&parent=102"}],"curies":[{"name":"wp","href":"https:\/\/api.w.org\/{rel}","templated":true}]}}