{"id":2,"date":"2014-08-31T13:27:47","date_gmt":"2014-08-31T13:27:47","guid":{"rendered":"http:\/\/www.la-petite-guerisseuse.fr\/?page_id=2"},"modified":"2022-08-08T10:31:05","modified_gmt":"2022-08-08T10:31:05","slug":"sample-page","status":"publish","type":"page","link":"https:\/\/www.la-petite-guerisseuse.fr\/","title":{"rendered":"Bienvenue"},"content":{"rendered":"<h2><span style=\"font-size: 1rem; color: #000000;\">Quand vous arriverez sur mon site, vous en aurez d\u00e9j\u00e0 parcouru un grand nombre, certains d\u00e9di\u00e9s au magn\u00e9tisme, aux gu\u00e9risseurs, aux magn\u00e9tiseurs, aux m\u00e9diums et voyants.<\/span><\/h2>\n<p style=\"text-align: justify;\"><span style=\"color: #000000;\">Je ne vous donnerais pas de descriptions pr\u00e9cises concernant ces termes, chacun \u00e0 ses propres pens\u00e9es et ses propres convictions mais je vous laisse le soin de lire mes \u00e9crits et ce que je vous propose :<\/span><\/p>\n<p style=\"text-align: justify;\"><span style=\"color: #000000;\">Je suis magn\u00e9tiseuse et m\u00e9dium, des personnes m&rsquo;ont fait confiance et je les remercie car gr\u00e2ce \u00e0 elles j&rsquo;ai d\u00e9velopp\u00e9 mon don .<\/span><\/p>\n<p style=\"text-align: justify;\"><span style=\"color: #000000;\">Je me lance sur la toile pour d\u00e9velopper mon champ d&rsquo;action\u00a0: un site simple et sans poudre aux yeux .\u00a0Esp\u00e9rant ainsi que des personnes \u00e9loign\u00e9es puissent profiter de mes services .<\/span><\/p>\n<p style=\"text-align: justify;\"><span style=\"color: #000000;\">Ma vocation : soulager et redonner le sourire.<\/span><\/p>\n<p style=\"text-align: justify;\"><span style=\"color: #000000;\">Ma m\u00e9diumnit\u00e9 me servira ici \u00e0 remonter dans votre pass\u00e9 pour chercher la cause d&rsquo;un mal physique ou psychique.<\/span><\/p>\n<p style=\"text-align: justify;\"><span style=\"color: #000000;\">Cela peut vous permettre de d\u00e9bloquer certains domaines de votre vie, effacer ou d\u00e9passer le traumatisme. <\/span><\/p>\n<p style=\"text-align: justify;\"><span style=\"color: #000000;\">Je travaille \u00e9galement \u00e0 reconnecter votre \u00e2me \u00e0 votre corps .\u00a0<\/span><\/p>\n<p><a href=\"https:\/\/www.la-petite-guerisseuse.fr\/wp-content\/uploads\/2022\/08\/IMG-88831160.jpg\"><img loading=\"lazy\" decoding=\"async\" class=\"alignnone size-medium wp-image-906\" src=\"https:\/\/www.la-petite-guerisseuse.fr\/wp-content\/uploads\/2022\/08\/IMG-88831160-181x300.jpg\" alt=\"\" width=\"181\" height=\"300\" srcset=\"https:\/\/www.la-petite-guerisseuse.fr\/wp-content\/uploads\/2022\/08\/IMG-88831160-181x300.jpg 181w, https:\/\/www.la-petite-guerisseuse.fr\/wp-content\/uploads\/2022\/08\/IMG-88831160.jpg 558w\" sizes=\"auto, (max-width: 181px) 100vw, 181px\" \/><\/a><a href=\"https:\/\/www.la-petite-guerisseuse.fr\/wp-content\/uploads\/2022\/08\/IMG-88821159.jpg\"><img loading=\"lazy\" decoding=\"async\" class=\"alignnone size-medium wp-image-905\" src=\"https:\/\/www.la-petite-guerisseuse.fr\/wp-content\/uploads\/2022\/08\/IMG-88821159-197x300.jpg\" alt=\"\" width=\"197\" height=\"300\" srcset=\"https:\/\/www.la-petite-guerisseuse.fr\/wp-content\/uploads\/2022\/08\/IMG-88821159-197x300.jpg 197w, https:\/\/www.la-petite-guerisseuse.fr\/wp-content\/uploads\/2022\/08\/IMG-88821159-624x951.jpg 624w, https:\/\/www.la-petite-guerisseuse.fr\/wp-content\/uploads\/2022\/08\/IMG-88821159.jpg 630w\" sizes=\"auto, (max-width: 197px) 100vw, 197px\" \/><\/a><\/p>\n<p>&nbsp;<\/p>\n<p>&nbsp;<\/p>\n<p>&nbsp;<\/p>\n<p>&nbsp;<\/p>\n\n<div style=\"font-size: 0px; height: 0px; line-height: 0px; margin: 0; padding: 0; clear: both;\"><\/div>","protected":false},"excerpt":{"rendered":"<p>Quand vous arriverez sur mon site, vous en aurez d\u00e9j\u00e0 parcouru un grand nombre, certains d\u00e9di\u00e9s au magn\u00e9tisme, aux gu\u00e9risseurs, aux magn\u00e9tiseurs, aux m\u00e9diums et voyants. Je ne vous donnerais pas de descriptions pr\u00e9cises concernant ces termes, chacun \u00e0 ses propres pens\u00e9es et ses propres convictions mais je vous laisse le soin de lire mes [&hellip;]<\/p>\n","protected":false},"author":1,"featured_media":0,"parent":0,"menu_order":0,"comment_status":"closed","ping_status":"open","template":"","meta":{"footnotes":""},"class_list":["post-2","page","type-page","status-publish","hentry"],"_links":{"self":[{"href":"https:\/\/www.la-petite-guerisseuse.fr\/index.php?rest_route=\/wp\/v2\/pages\/2","targetHints":{"allow":["GET"]}}],"collection":[{"href":"https:\/\/www.la-petite-guerisseuse.fr\/index.php?rest_route=\/wp\/v2\/pages"}],"about":[{"href":"https:\/\/www.la-petite-guerisseuse.fr\/index.php?rest_route=\/wp\/v2\/types\/page"}],"author":[{"embeddable":true,"href":"https:\/\/www.la-petite-guerisseuse.fr\/index.php?rest_route=\/wp\/v2\/users\/1"}],"replies":[{"embeddable":true,"href":"https:\/\/www.la-petite-guerisseuse.fr\/index.php?rest_route=%2Fwp%2Fv2%2Fcomments&post=2"}],"version-history":[{"count":62,"href":"https:\/\/www.la-petite-guerisseuse.fr\/index.php?rest_route=\/wp\/v2\/pages\/2\/revisions"}],"predecessor-version":[{"id":920,"href":"https:\/\/www.la-petite-guerisseuse.fr\/index.php?rest_route=\/wp\/v2\/pages\/2\/revisions\/920"}],"wp:attachment":[{"href":"https:\/\/www.la-petite-guerisseuse.fr\/index.php?rest_route=%2Fwp%2Fv2%2Fmedia&parent=2"}],"curies":[{"name":"wp","href":"https:\/\/api.w.org\/{rel}","templated":true}]}}