{"id":206,"date":"2014-10-02T14:24:28","date_gmt":"2014-10-02T14:24:28","guid":{"rendered":"http:\/\/www.la-petite-guerisseuse.fr\/?page_id=206"},"modified":"2022-08-08T10:48:04","modified_gmt":"2022-08-08T10:48:04","slug":"qui-suis-je","status":"publish","type":"page","link":"https:\/\/www.la-petite-guerisseuse.fr\/?page_id=206","title":{"rendered":"Qui suis je ?"},"content":{"rendered":"<p><span style=\"font-family: 'Open Sans', Helvetica, Arial, sans-serif;\"><span style=\"font-size: small;\"><span style=\"font-size: small;\"><b>Du c\u00f4t\u00e9 de ma famille paternelle, mon grand p\u00e8re \u00e9tait rebouteux et ses tantes enlevaient\u00a0 verrues et br\u00fblures et avaient le secret &#8230; Dans ma famille maternelle, le sixi\u00e8me sens est fortement d\u00e9velopp\u00e9, j&rsquo;ai sans doute h\u00e9rit\u00e9 de leur pr\u00e9dispositions.<\/b><\/span><\/span><\/span><\/p>\n<p><strong><span style=\"font-family: 'Open Sans', Helvetica, Arial, sans-serif;\"><span style=\"font-size: small;\">Mon don s&rsquo;est surtout d\u00e9velopp\u00e9 suite \u00e0 des \u00e9v\u00e9nements difficiles de la vie qui m&rsquo;ont fait me rapprocher de la spiritualit\u00e9 pour trouver mon \u00e9quilibre.<\/span><\/span><\/strong><\/p>\n<p><strong><span style=\"font-family: 'Open Sans', Helvetica, Arial, sans-serif;\"><span style=\"font-size: small;\">Je fonctionne beaucoup gr\u00e2ce \u00e0 la m\u00e9diumnit\u00e9 : \u00a0\u00e0 travers une photo, ou en regardant la personne qui vient me demander de l&rsquo;aide&#8230;C&rsquo;est comme si on m\u2019envoyait des informations sur le probl\u00e8me \u00e0 r\u00e9soudre, je me contente pas de panser une douleur, j&rsquo;en cherche la cause.<\/span><\/span><\/strong><\/p>\n<p><strong><span style=\"font-family: 'Open Sans', Helvetica, Arial, sans-serif;\"><span style=\"font-size: small;\">Un gu\u00e9risseur est une personne capable d&rsquo;aider tout \u00eatre vivant \u00e0 se d\u00e9livrer d&rsquo;un mal physique, \u00e9motionnel, \u00e9nerg\u00e9tique ou spirituel, l&rsquo;amour est l&rsquo;outil essentiel .<\/span><\/span><\/strong><\/p>\n<p><strong><span style=\"font-family: 'Open Sans', Helvetica, Arial, sans-serif;\"><span style=\"font-size: small;\">Pendant un long moment j&rsquo;ai eu du mal \u00e0 m&rsquo;accepter tel que j&rsquo;\u00e9tais, et surtout \u00e0 comprendre ce que je ressentais.\u00a0<\/span><\/span><\/strong><strong><span style=\"font-family: 'Open Sans', Helvetica, Arial, sans-serif;\"><span style=\"font-size: small;\">Le cheminement d&rsquo;un gu\u00e9risseur est difficile et marqu\u00e9 par les \u00e9preuves .\u00a0<\/span><\/span><\/strong><strong><span style=\"font-family: 'Open Sans', Helvetica, Arial, sans-serif;\"><span style=\"font-size: small;\">J&rsquo;ai v\u00e9cu mes malheurs comme chacun d&rsquo;entre vous qui m&rsquo;ont apport\u00e9 une exp\u00e9rience particuli\u00e8re.<\/span><\/span><\/strong><\/p>\n<p><strong><span style=\"font-family: 'Open Sans', Helvetica, Arial, sans-serif;\"><span style=\"font-size: small;\">L&rsquo;aide aux autres est possible quand on a travers\u00e9 soi m\u00eame des soucis\u00a0\u00e9motionnelles et physiques dont on s&rsquo;est sorti.\u00a0<\/span><\/span><\/strong><strong><span style=\"font-family: 'Open Sans', Helvetica, Arial, sans-serif;\"><span style=\"font-size: small;\">Comment comprendre la douleur de l&rsquo;autre et l&rsquo;aider si soi m\u00eame on ne l&rsquo;a pas v\u00e9cu\u00a0?<\/span><\/span><\/strong><\/p>\n<p><strong><span style=\"font-family: 'Open Sans', Helvetica, Arial, sans-serif;\"><span style=\"font-size: small;\">Bien souvent des mots sur des maux apportent une compr\u00e9hension et une lib\u00e9ration du mal . L&rsquo;\u00e9nergie que je vous transmets<\/span><\/span><span style=\"font-family: 'Open Sans', Helvetica, Arial, sans-serif;\"><span style=\"font-size: small;\">\u00a0<\/span><\/span><span style=\"font-family: 'Open Sans', Helvetica, Arial, sans-serif;\"><span style=\"font-size: small;\">vous apportera le d\u00e9clic .<\/span><\/span><\/strong><\/p>\n<p><strong><span style=\"font-family: 'Open Sans', Helvetica, Arial, sans-serif;\"><span style=\"font-size: small;\">La personne\u00a0doit se sentir en confiance pendant les s\u00e9ances c&rsquo;est important .<\/span><\/span><\/strong><\/p>\n<p>Contrairement aux voyants, les m\u00e9diums n\u2019aident pas que les vivants et n&rsquo;ont pas besoin de supports pour entrer en connexion avec vous.<\/p>\n<p>Ils ont non seulement la possibilit\u00e9 d\u2019aider les esprits mais en plus ils peuvent communiquer avec les \u00e2mes d\u00e9funtes et r\u00e9soudre certains\u00a0conflits,\u00a0le m\u00e9dium aide les \u00e2mes \u00e0 trouver la paix&#8230;En effet, apr\u00e8s une mort violente et souvent accidentelle, certains esprits d\u00e9cident de rester sur terre et donc d\u2019errer. Une \u00e2me qui erre n\u2019est pas un signe positif car cela peut provoquer d\u2019importantes perturbations.<\/p>\n<p>Le <strong>m\u00e9dium\u00a0<\/strong>est donc l\u00e0 pour servir \u00e0 la fois d\u2019arbitre et de m\u00e9diateur en vue de r\u00e9tablir ou de maintenir l\u2019\u00e9quilibre entre les mondes.<\/p>\n<p>Le don de m\u00e9diumnit\u00e9 est latent en chaque homme, pourtant nous ne sommes pas tous m\u00e9diums. Les m\u00e9diums, les vrais, sont des individus pas comme les autres. De par leur connexion avec le monde spirituel et leurs capacit\u00e9s sensorielles, les <strong>m\u00e9diums<\/strong> ont besoin de vivre un peu en retraite du monde r\u00e9el.<\/p>\n<p>Le sympt\u00f4me le plus important et le plus visible de la m\u00e9diumnit\u00e9 c\u2019est l\u2019hypersensibilit\u00e9. Le <strong>m\u00e9dium<\/strong> ressent tout autour de lui : les personnes, les objets, les lieux\u2026 Il re\u00e7oit en permanence des flux provenant de son environnement.<\/p>\n<p>Lorsque ce qu\u2019il ressent est positif, le m\u00e9dium est bien portant. Il sent une force l\u2019envahir et c\u2019est comme s\u2019il rechargeait ses batteries. Par contre, lorsque son ressenti n\u2019est pas positif, le m\u00e9dium est envahi par une fatigue inexplicable ainsi que des sentiments obscurs tels l\u2019angoisse et la d\u00e9pression. Il sent ses forces le quitter et doit lutter pour maintenir son \u00e9nergie.<\/p>\n<p>L\u2019hypersensibilit\u00e9 du m\u00e9dium porte, comme on peut s\u2019en douter, un coup \u00e9vident \u00e0 ses cinq sens . Il peut par exemple ressentir le bruit plus fort que tout le monde et le sentir r\u00e9sonner dans sa t\u00eate.<\/p>\n<p>Les <strong>m\u00e9diums<\/strong> sont d\u2019ordinaire des personnes qui vivent dans une solitude pesante. Dans un sens m\u00eame, on peut dire qu\u2019ils recherchent dans la solitude des bienfaits r\u00e9parateurs. Ils n\u2019affectionnent pas les lieux bond\u00e9s . Mais la solitude du m\u00e9dium rec\u00e8le un aspect moins \u00e9vident. Naturellement, le m\u00e9dium attire des \u00ab\u00a0personnes \u00e0 probl\u00e8mes\u00a0\u00bb. Il \u00e9coute leurs malheurs et se prend d\u2019empathie pour eux. Il s\u2019op\u00e8re alors une sorte d\u2019\u00e9change dans lequel le m\u00e9dium prend pour lui le mal des autres et se retrouve encore affaibli. Son interlocuteur au contraire, va mieux.<\/p>\n<p>La fatigue permanente\u00a0: le m\u00e9dium ressent continuellement une petite fatigue pas vraiment inqui\u00e9tante<\/p>\n<p>Un sommeil superficiel\u00a0: habituellement, les m\u00e9diums n\u2019ont pas un sommeil profond pour des raisons tant spirituelles que physiques .<\/p>\n<p>Une sant\u00e9 fragile\u00a0: le m\u00e9dium est comme une \u00e9ponge qui absorbe tout ce qui passe.<\/p>\n<p>Certains sympt\u00f4mes relativement visibles permettent de reconna\u00eetre les <strong>m\u00e9diums<\/strong>\u00a0; ce sont des personnes hypersensibles et solitaires. Mais la plupart d\u2019entre eux essayent d\u00e9sormais de vivre avec leur temps et de passer pour des personnes ordinaires.<\/p>\n<p><strong style=\"font-size: 1rem;\">La m\u00e9diumnit\u00e9 gu\u00e9rissante<\/strong><span style=\"font-size: 1rem;\">\u00a0 est la capacit\u00e9 de se servir de son don de m\u00e9dium pour entrer en contact avec le guide de la personne ou directement avec l&rsquo;\u00e2me afin qu&rsquo;il communique la m\u00e9thode ou l&rsquo;\u00e9nergie utile pour soulager voir gu\u00e9rir compl\u00e8tement la personne.<\/span><\/p>\n<div class=\"cc-m-hgrid-column last\">\n<div id=\"cc-matrix-2203098921\">\n<div id=\"cc-m-8547557221\" class=\"n j-text \">\n<p align=\"left\">Pour cela, il faut une disposition d\u2019esprit, un don de soi, une confiance totale en l\u2019\u00e9nergie cr\u00e9atrice et aux \u00e2mes grandes et g\u00e9n\u00e9reuses.<\/p>\n<p align=\"left\">il peut gu\u00e9rir aussi bien \u00e0 distance qu\u2019en contact, instantan\u00e9ment ou progressivement, assist\u00e9\u00a0de guides\u00a0bienveillants.<\/p>\n<p align=\"left\">La voie dans laquelle le gu\u00e9risseur s\u2019engage est difficile mais dispensatrice de joies profondes et vraies.<\/p>\n<p align=\"left\">Cela implique bien des abandons et des devoirs. Le gu\u00e9risseur est un foyer de force spirituelle et fluidique, il agit\u00a0directement sur \u00ab\u00a0l\u2019\u00e2me\u00a0\u00bb du malade.<\/p>\n<p align=\"left\">L\u2019harmonie alors se r\u00e9tablit, les vibrations\u00a0lumineuses et r\u00e9guli\u00e8res qui lui sont envoy\u00e9es par le gu\u00e9risseur, qui les re\u00e7oit du monde parall\u00e8le, r\u00e9tablissent les vibrations irr\u00e9guli\u00e8res du malade.<\/p>\n<p align=\"left\">La m\u00e9diumnit\u00e9 gu\u00e9rissante est le moyen qu&rsquo;utilisent les \u00eatres de lumi\u00e8res\u00a0pour projeter sur les\u00a0vivants\u00a0les fluides vitaux, combinaison des fluides \u00e9mis par le Ciel et par le m\u00e9dium.<\/p>\n<p align=\"left\">Cette combinaison donne une puissance qu&rsquo;ils n&rsquo;auraient pas s\u00e9par\u00e9ment.<\/p>\n<\/div>\n<\/div>\n<\/div>\n<div class=\"cc-m-hgrid-overlay\" data-display=\"cms-only\"><\/div>\n<p>&nbsp;<\/p>\n<p>&nbsp;<\/p>\n<p>&nbsp;<\/p>\n<p>&nbsp;<\/p>\n\n<div style=\"font-size: 0px; height: 0px; line-height: 0px; margin: 0; padding: 0; clear: both;\"><\/div>","protected":false},"excerpt":{"rendered":"<p>Du c\u00f4t\u00e9 de ma famille paternelle, mon grand p\u00e8re \u00e9tait rebouteux et ses tantes enlevaient\u00a0 verrues et br\u00fblures et avaient le secret &#8230; Dans ma famille maternelle, le sixi\u00e8me sens est fortement d\u00e9velopp\u00e9, j&rsquo;ai sans doute h\u00e9rit\u00e9 de leur pr\u00e9dispositions. Mon don s&rsquo;est surtout d\u00e9velopp\u00e9 suite \u00e0 des \u00e9v\u00e9nements difficiles de la vie qui m&rsquo;ont [&hellip;]<\/p>\n","protected":false},"author":1,"featured_media":0,"parent":0,"menu_order":1,"comment_status":"closed","ping_status":"open","template":"","meta":{"footnotes":""},"class_list":["post-206","page","type-page","status-publish","hentry"],"_links":{"self":[{"href":"https:\/\/www.la-petite-guerisseuse.fr\/index.php?rest_route=\/wp\/v2\/pages\/206","targetHints":{"allow":["GET"]}}],"collection":[{"href":"https:\/\/www.la-petite-guerisseuse.fr\/index.php?rest_route=\/wp\/v2\/pages"}],"about":[{"href":"https:\/\/www.la-petite-guerisseuse.fr\/index.php?rest_route=\/wp\/v2\/types\/page"}],"author":[{"embeddable":true,"href":"https:\/\/www.la-petite-guerisseuse.fr\/index.php?rest_route=\/wp\/v2\/users\/1"}],"replies":[{"embeddable":true,"href":"https:\/\/www.la-petite-guerisseuse.fr\/index.php?rest_route=%2Fwp%2Fv2%2Fcomments&post=206"}],"version-history":[{"count":13,"href":"https:\/\/www.la-petite-guerisseuse.fr\/index.php?rest_route=\/wp\/v2\/pages\/206\/revisions"}],"predecessor-version":[{"id":921,"href":"https:\/\/www.la-petite-guerisseuse.fr\/index.php?rest_route=\/wp\/v2\/pages\/206\/revisions\/921"}],"wp:attachment":[{"href":"https:\/\/www.la-petite-guerisseuse.fr\/index.php?rest_route=%2Fwp%2Fv2%2Fmedia&parent=206"}],"curies":[{"name":"wp","href":"https:\/\/api.w.org\/{rel}","templated":true}]}}