{"id":248,"date":"2015-01-01T14:00:16","date_gmt":"2015-01-01T14:00:16","guid":{"rendered":"http:\/\/www.la-petite-guerisseuse.fr\/?page_id=248"},"modified":"2026-03-13T08:24:53","modified_gmt":"2026-03-13T08:24:53","slug":"coup-de-coeur","status":"publish","type":"page","link":"https:\/\/www.la-petite-guerisseuse.fr\/?page_id=248","title":{"rendered":"Tarif Voyance"},"content":{"rendered":"<p style=\"text-align: center;\"><strong style=\"font-size: 1rem;\"><span style=\"color: #000000;\">Pour les voyances, il existe diff\u00e9rentes formules.<\/span><\/strong><\/p>\n<p><strong style=\"font-size: 1rem;\"><span style=\"color: #000000;\">Guidance par t\u00e9l\u00e9phone <\/span><\/strong><strong style=\"font-size: 1rem;\"><span style=\"color: #000000;\"><img loading=\"lazy\" decoding=\"async\" src=\"https:\/\/www.paypalobjects.com\/fr_FR\/i\/scr\/pixel.gif\" alt=\"\" width=\"1\" height=\"1\" border=\"0\" \/>100 euros tout domaine\u00a0<\/span><\/strong><\/p>\n<p><strong>Guidance un domaine format Audio 50 euros<\/strong><\/p>\n<p>&nbsp;<\/p>\n<p><span style=\"font-size: 1rem;\">Chaque prestation est payable par virement \u00e0 la commande .\u00a0<\/span><\/p>\n<p><strong><br \/>\nPour la voyance t\u00e9l\u00e9phonique le Rendez-vous est donn\u00e9 apr\u00e8s r\u00e9ception du paiement. Une fois que vous avez pay\u00e9 votre voyance, et prit le rdv, vous vous \u00eates engag\u00e9s \u00e0 \u00eatre disponibles et ponctuels donc aucune annulation ne sera rembours\u00e9e.<\/strong><\/p>\n<p><strong>Je suis clairvoyante et clairaudiente, je vais donc, m\u00eame par t\u00e9l\u00e9phone, vous transmettre ce que l&rsquo;on me montre et ce que l&rsquo;on me souffle \u00e0 l&rsquo;oreille afin de r\u00e9pondre \u00e0 vos interrogations le plus pr\u00e9cis\u00e9ment possible .\u00a0 <span style=\"color: #000000;\">Je dis uniquement ce qu&rsquo;on me transmet sans complaisance, je ne fais aucune pr\u00e9diction mort et maladie.<\/span><\/strong><\/p>\n<p><strong>Mes guidances vous permettent de devenir la meilleure version de vous m\u00eame.<\/strong><\/p>\n<p><strong>Je r\u00e9ponds \u00e0 tout les aspects de vos vies avec discernement et bienveillance (sauf sant\u00e9 et d\u00e9c\u00e8s)<\/strong><\/p>\n<p><strong>Ensemble, nous \u00ab\u00a0projetons\u00a0\u00bb les issues possibles, la v\u00e9rit\u00e9 est en perp\u00e9tuelle \u00e9volution, tout comme l&rsquo;humain, il n&rsquo;y a que la v\u00e9rit\u00e9 de l&rsquo;\u00e2me qui est immuable .<\/strong><\/p>\n<p><strong>\u00a0Je peux vous donner des indications mais le temps reste subtil. Il est important de consid\u00e9rer le \u00ab\u00a0l\u00e2cher prise\u00a0\u00bb comme un vecteur important, \u00ab\u00a0l\u00e2cher\u00a0\u00bb, c&rsquo;est permettre \u00e0 la vie de faire ce qu&rsquo;elle a \u00e0 faire, c&rsquo;est cesser de lui faire proc\u00e8s parce qu&rsquo;elle ne nous donne pas ce que l\u2018on souhaite . Mettre la lumi\u00e8re sur vos \u00e9preuves, blocages, sch\u00e9mas r\u00e9p\u00e9titifs, revient \u00e0 mettre plus de CONSCIENCE sur vos zones d&rsquo;ombres.<\/strong><\/p>\n<p><strong>Je ne suis pas pour la complaisance, et encore moins \u00e0 l&rsquo;encouragement d\u2019une cod\u00e9pendance, je ne transmets que ce que je vois, j\u2019essaie d\u2019\u00eatre juste, je vous donne les cl\u00e9s de votre destin.<\/strong><\/p>\n\n<div style=\"font-size: 0px; height: 0px; line-height: 0px; margin: 0; padding: 0; clear: both;\"><\/div>","protected":false},"excerpt":{"rendered":"<p>Pour les voyances, il existe diff\u00e9rentes formules. Guidance par t\u00e9l\u00e9phone 100 euros tout domaine\u00a0 Guidance un domaine format Audio 50 euros &nbsp; Chaque prestation est payable par virement \u00e0 la commande .\u00a0 Pour la voyance t\u00e9l\u00e9phonique le Rendez-vous est donn\u00e9 apr\u00e8s r\u00e9ception du paiement. Une fois que vous avez pay\u00e9 votre voyance, et prit le [&hellip;]<\/p>\n","protected":false},"author":1,"featured_media":0,"parent":0,"menu_order":6,"comment_status":"closed","ping_status":"open","template":"","meta":{"footnotes":""},"class_list":["post-248","page","type-page","status-publish","hentry"],"_links":{"self":[{"href":"https:\/\/www.la-petite-guerisseuse.fr\/index.php?rest_route=\/wp\/v2\/pages\/248","targetHints":{"allow":["GET"]}}],"collection":[{"href":"https:\/\/www.la-petite-guerisseuse.fr\/index.php?rest_route=\/wp\/v2\/pages"}],"about":[{"href":"https:\/\/www.la-petite-guerisseuse.fr\/index.php?rest_route=\/wp\/v2\/types\/page"}],"author":[{"embeddable":true,"href":"https:\/\/www.la-petite-guerisseuse.fr\/index.php?rest_route=\/wp\/v2\/users\/1"}],"replies":[{"embeddable":true,"href":"https:\/\/www.la-petite-guerisseuse.fr\/index.php?rest_route=%2Fwp%2Fv2%2Fcomments&post=248"}],"version-history":[{"count":66,"href":"https:\/\/www.la-petite-guerisseuse.fr\/index.php?rest_route=\/wp\/v2\/pages\/248\/revisions"}],"predecessor-version":[{"id":1107,"href":"https:\/\/www.la-petite-guerisseuse.fr\/index.php?rest_route=\/wp\/v2\/pages\/248\/revisions\/1107"}],"wp:attachment":[{"href":"https:\/\/www.la-petite-guerisseuse.fr\/index.php?rest_route=%2Fwp%2Fv2%2Fmedia&parent=248"}],"curies":[{"name":"wp","href":"https:\/\/api.w.org\/{rel}","templated":true}]}}