{"id":25,"date":"2014-08-31T19:02:35","date_gmt":"2014-08-31T19:02:35","guid":{"rendered":"http:\/\/www.la-petite-guerisseuse.fr\/?page_id=25"},"modified":"2026-03-19T15:57:05","modified_gmt":"2026-03-19T15:57:05","slug":"prestation","status":"publish","type":"page","link":"https:\/\/www.la-petite-guerisseuse.fr\/?page_id=25","title":{"rendered":"Tarifs Soins"},"content":{"rendered":"\r\n<div id=\"smart-button-container\">\r\n<div style=\"text-align: center;\"><strong style=\"color: #000000; font-size: 1.28571rem;\">Soins Magn\u00e9tisme<\/strong><\/div>\r\n<div>\u00a0<\/div>\r\n<div style=\"text-align: center;\"><strong style=\"color: #000000; font-size: 1.28571rem;\">Consultations sur RDV 06 24 01 66 18<\/strong><\/div>\r\n<div>\u00a0<\/div>\r\n<div style=\"text-align: center;\"><strong style=\"color: #000000; font-size: 1.28571rem;\">14 rue du Petit Bois <\/strong><\/div>\r\n<div style=\"text-align: center;\"><strong style=\"color: #000000; font-size: 1.28571rem;\">71300 Montceau les Mines<\/strong><\/div>\r\n<div>\u00a0<\/div>\r\n<div>\u00a0<\/div>\r\n<div style=\"text-align: center;\"><strong style=\"color: #000000; font-size: 1.28571rem;\">S\u00e9ance en visu 50 euros\u00a0<\/strong><\/div>\r\n<div>\u00a0<\/div>\r\n<\/div>\r\n<p style=\"text-align: left;\"><span style=\"color: #000000;\"><span style=\"font-size: 1rem;\">Dur\u00e9e du soin environ trente minutes,<\/span> je n&rsquo;ai pas de chronom\u00e8tre, je fais confiance \u00e0 mes guides, je dirige l&rsquo;\u00e9nergie l\u00e0 o\u00f9 elle doit aller, je stoppe quand je le dois. <\/span><span style=\"color: #000000;\"><strong>L&rsquo;\u00e9nergie peut avoir des effets rapides et surprenants, mais il ne faut pas tout en attendre et savoir qu&rsquo;il faut au minimum 3 s\u00e9ances si le probl\u00e8me est ancien. <\/strong><\/span><span style=\"color: #000000;\"><strong>Les r\u00e9sultats se font ressentir g\u00e9n\u00e9ralement au bout de 4 \u00e0 5 jours.<\/strong><\/span><\/p>\r\n<p style=\"text-align: left;\"><em><span style=\"color: #000000;\">Il faut compter minimum trois s\u00e9ances pour venir \u00e0 bout d&rsquo;un probl\u00e8me. <br \/><\/span><\/em><\/p>\r\n<p style=\"text-align: left;\"><span style=\"color: #000000;\"><strong><em>8 personnes sur dix ressentent les b\u00e9n\u00e9fices. <br \/>Il existe des forfaits avantageux pour les personnes qui ont des difficult\u00e9s financi\u00e8res .\u00a0<\/em><\/strong><\/span><\/p>\r\n<p style=\"text-align: center;\"><strong>SOIN SUR PHOTO <\/strong><\/p>\r\n<p style=\"text-align: left;\"><strong><br \/>Accompagnement 7 jours 80 euros<\/strong><\/p>\r\n<p><strong>Accompagnement 14 jours 100 euros<\/strong><\/p>\r\n<p><strong>Accompagnement 30 jours 160 euros\u00a0<\/strong><\/p>\r\n<p style=\"text-align: left;\"><strong>ME CONTACTER POUR LE PAIEMENT PAR VIREMENT<\/strong><\/p>\r\n<p><strong style=\"font-size: 1rem;\"><span style=\"color: #000000;\">Le travail sera effectu\u00e9 7 jours (ou le nombre de jours choisis) c&rsquo;est un forfait, vous ne payez qu&rsquo;une fois 80 euros ! <\/span><span style=\"color: #000000;\">Il me faut une photo ( d\u00e9truite apr\u00e8s travaux) et le descriptif de la probl\u00e9matique \u00e0 envoyer sur mon t\u00e9l\u00e9phone au 06.24.01.66.18 ou par mail guerisseuse82@gmail.com<\/span><\/strong><\/p>\n<div style=\"font-size: 0px; height: 0px; line-height: 0px; margin: 0; padding: 0; clear: both;\"><\/div>","protected":false},"excerpt":{"rendered":"<p>Soins Magn\u00e9tisme \u00a0 Consultations sur RDV 06 24 01 66 18 \u00a0 14 rue du Petit Bois 71300 Montceau les Mines \u00a0 \u00a0 S\u00e9ance en visu 50 euros\u00a0 \u00a0 Dur\u00e9e du soin environ trente minutes, je n&rsquo;ai pas de chronom\u00e8tre, je fais confiance \u00e0 mes guides, je dirige l&rsquo;\u00e9nergie l\u00e0 o\u00f9 elle doit aller, je [&hellip;]<\/p>\n","protected":false},"author":1,"featured_media":0,"parent":0,"menu_order":3,"comment_status":"closed","ping_status":"open","template":"","meta":{"footnotes":""},"class_list":["post-25","page","type-page","status-publish","hentry"],"_links":{"self":[{"href":"https:\/\/www.la-petite-guerisseuse.fr\/index.php?rest_route=\/wp\/v2\/pages\/25","targetHints":{"allow":["GET"]}}],"collection":[{"href":"https:\/\/www.la-petite-guerisseuse.fr\/index.php?rest_route=\/wp\/v2\/pages"}],"about":[{"href":"https:\/\/www.la-petite-guerisseuse.fr\/index.php?rest_route=\/wp\/v2\/types\/page"}],"author":[{"embeddable":true,"href":"https:\/\/www.la-petite-guerisseuse.fr\/index.php?rest_route=\/wp\/v2\/users\/1"}],"replies":[{"embeddable":true,"href":"https:\/\/www.la-petite-guerisseuse.fr\/index.php?rest_route=%2Fwp%2Fv2%2Fcomments&post=25"}],"version-history":[{"count":157,"href":"https:\/\/www.la-petite-guerisseuse.fr\/index.php?rest_route=\/wp\/v2\/pages\/25\/revisions"}],"predecessor-version":[{"id":1110,"href":"https:\/\/www.la-petite-guerisseuse.fr\/index.php?rest_route=\/wp\/v2\/pages\/25\/revisions\/1110"}],"wp:attachment":[{"href":"https:\/\/www.la-petite-guerisseuse.fr\/index.php?rest_route=%2Fwp%2Fv2%2Fmedia&parent=25"}],"curies":[{"name":"wp","href":"https:\/\/api.w.org\/{rel}","templated":true}]}}